{"id":361,"date":"2019-02-27T21:48:38","date_gmt":"2019-02-27T20:48:38","guid":{"rendered":"https:\/\/www.cgen-web-developpement.com\/en\/?page_id=361"},"modified":"2021-12-06T11:26:45","modified_gmt":"2021-12-06T10:26:45","slug":"offres","status":"publish","type":"page","link":"https:\/\/www.cgen-web-developpement.com\/en\/offres\/","title":{"rendered":"Nos offres"},"content":{"rendered":"<p>[et_pb_section fb_built=&#8221;1&#8243; fullwidth=&#8221;on&#8221; _builder_version=&#8221;3.22.3&#8243; background_image=&#8221;https:\/\/www.cgen-web-developpement.com\/en\/wp-content\/uploads\/sites\/10\/2019\/02\/Nos-Offres-cr\u00e9ation-site-web.jpg&#8221; global_colors_info=&#8221;{}&#8221;][et_pb_fullwidth_header title=&#8221;Nos offres&#8221; _builder_version=&#8221;3.19.18&#8243; title_font=&#8221;||||||||&#8221; title_text_align=&#8221;center&#8221; title_font_size=&#8221;40px&#8221; content_font=&#8221;||||||||&#8221; subhead_font=&#8221;||||||||&#8221; use_background_color_gradient=&#8221;on&#8221; background_color_gradient_start=&#8221;#0a5877&#8243; background_color_gradient_end=&#8221;rgba(41,196,169,0)&#8221; background_color_gradient_overlays_image=&#8221;on&#8221; background_image=&#8221;https:\/\/www.cgen-web-developpement.com\/en\/wp-content\/uploads\/sites\/10\/2019\/02\/Nos-Offres-cr\u00e9ation-site-web.jpg&#8221; background_position=&#8221;bottom_center&#8221; custom_padding=&#8221;220px||220px||true&#8221; custom_padding_tablet=&#8221;175px||175px||true&#8221; custom_padding_phone=&#8221;130px||130px||true&#8221; custom_padding_last_edited=&#8221;on|phone&#8221; title_text_shadow_style=&#8221;preset1&#8243; title_text_shadow_color=&#8221;#000000&#8243; global_colors_info=&#8221;{}&#8221;][\/et_pb_fullwidth_header][\/et_pb_section][et_pb_section fb_built=&#8221;1&#8243; custom_padding_last_edited=&#8221;on|desktop&#8221; _builder_version=&#8221;4.14.1&#8243; background_color=&#8221;#f4f4f4&#8243; use_background_color_gradient=&#8221;on&#8221; background_color_gradient_start=&#8221;#ffffff&#8221; background_color_gradient_end=&#8221;#f4f4f4&#8243; custom_padding=&#8221;||90px|||&#8221; custom_padding_tablet=&#8221;||90px|||&#8221; custom_padding_phone=&#8221;8px||||false|false&#8221; global_colors_info=&#8221;{}&#8221;][et_pb_row _builder_version=&#8221;3.25&#8243; global_colors_info=&#8221;{}&#8221;][et_pb_column type=&#8221;4_4&#8243; _builder_version=&#8221;3.25&#8243; custom_padding=&#8221;|||&#8221; global_colors_info=&#8221;{}&#8221; custom_padding__hover=&#8221;|||&#8221;][et_pb_text _builder_version=&#8221;4.14.1&#8243; custom_margin=&#8221;||60px&#8221; global_colors_info=&#8221;{}&#8221;]<\/p>\n<p>Nous avons \u00e0 c\u0153ur d&#8217;offrir des solutions adapt\u00e9es \u00e0 tous !<\/p>\n<p>Dans cette optique, nous offrons la possibilit\u00e9 de choisir parmi des mod\u00e8les existants, dans le souci de r\u00e9duire au maximum vos co\u00fbts.\u00a0Il reste bien s\u00fbr possible de cr\u00e9er un site 100% personnel, de a \u00e0 z.<\/p>\n<p>Notez que les sites\u00a0 que nous cr\u00e9ons sont toujours s\u00e9curis\u00e9s par la mise en place d&#8217;un <strong>certificat SSL<\/strong>, et ce gratuitement. Pour favoriser votre r\u00e9f\u00e9rencement, toutes nos pages suivent \u00e9galement un <strong>SEO technique rigoureux<\/strong>.<\/p>\n<p>[\/et_pb_text][et_pb_pricing_tables featured_table_background_color=&#8221;#000000&#8243; bullet_color=&#8221;#0a5877&#8243; _builder_version=&#8221;4.14.1&#8243; header_font=&#8221;||||||||&#8221; price_font=&#8221;||||||||&#8221; price_text_align=&#8221;center&#8221; price_font_size=&#8221;60px&#8221; currency_frequency_font=&#8221;||||||||&#8221; background_color=&#8221;#ffffff&#8221; custom_margin=&#8221;||||false&#8221; custom_padding=&#8221;||&#8221; animation_style=&#8221;slide&#8221; animation_direction=&#8221;bottom&#8221; animation_duration=&#8221;850ms&#8221; animation_intensity_slide=&#8221;8%&#8221; price_font_tablet=&#8221;||||||||&#8221; price_font_phone=&#8221;||||||||&#8221; price_font_last_edited=&#8221;on|phone&#8221; price_font_size_tablet=&#8221;60px&#8221; price_font_size_phone=&#8221;40px&#8221; price_font_size_last_edited=&#8221;on|phone&#8221; border_width_all=&#8221;2px&#8221; border_color_all=&#8221;rgba(119,119,119,0.92)&#8221; border_radii_price=&#8221;on|1px|1px|1px|1px&#8221; box_shadow_style=&#8221;preset1&#8243; global_colors_info=&#8221;{}&#8221;][et_pb_pricing_table subtitle=&#8221;La solution \u00e0 prix malin&#8221; sum=&#8221;Smart&#8221; _builder_version=&#8221;4.14.1&#8243; price_text_color=&#8221;#0a5877&#8243; global_colors_info=&#8221;{}&#8221; sticky_transition=&#8221;on&#8221;]<\/p>\n<p>+ Une solution au rapport qualit\u00e9 prix imbattable<\/p>\n<p>+ Le choix parmi des dizaines de mod\u00e8les existants<\/p>\n<p>+ Une personnalisation d&#8217;un th\u00e8me selon vos besoins<\/p>\n<p>+ La possibilit\u00e9 d&#8217;\u00e9voluer vers du sur-mesure \u00e0 tout moment<\/p>\n<p>+ Un r\u00e9sultat satisfait ou rembours\u00e9 sous 30 jours<\/p>\n<p>[\/et_pb_pricing_table][et_pb_pricing_table subtitle=&#8221;Le sur-mesure&#8221; sum=&#8221;Premium&#8221; _builder_version=&#8221;4.14.1&#8243; global_colors_info=&#8221;{}&#8221; sticky_transition=&#8221;on&#8221;]<\/p>\n<p>+ Un rendez-vous gratuit pour d\u00e9finir vos attentes<\/p>\n<p>+ Un suivi de l&#8217;\u00e9volution du site tout au long de sa cr\u00e9ation<\/p>\n<p>+ La mise en place gratuite d&#8217;un certificat SSL<\/p>\n<p>+ L&#8217;acc\u00e8s la cr\u00e9ation de logo et visuels sur-mesure<\/p>\n<p>+ Un r\u00e9sultat satisfait ou rembours\u00e9 sous 30 jours<\/p>\n<p>[\/et_pb_pricing_table][\/et_pb_pricing_tables][\/et_pb_column][\/et_pb_row][et_pb_row _builder_version=&#8221;3.25&#8243; custom_margin=&#8221;|auto|-13px|auto||&#8221; global_colors_info=&#8221;{}&#8221;][et_pb_column type=&#8221;4_4&#8243; _builder_version=&#8221;3.25&#8243; custom_padding=&#8221;|||&#8221; global_colors_info=&#8221;{}&#8221; custom_padding__hover=&#8221;|||&#8221;][et_pb_button button_url=&#8221;\/projets-type\/&#8221; button_text=&#8221;Voir nos mod\u00e8les&#8221; button_alignment=&#8221;center&#8221; _builder_version=&#8221;4.14.1&#8243; custom_button=&#8221;on&#8221; button_text_color=&#8221;#0a5877&#8243; button_border_color=&#8221;#0a5877&#8243; button_font=&#8221;||||||||&#8221; button_icon_color=&#8221;#0a5877&#8243; custom_margin=&#8221;35px||25px||false&#8221; animation_style=&#8221;fade&#8221; box_shadow_style=&#8221;preset1&#8243; global_colors_info=&#8221;{}&#8221;][\/et_pb_button][\/et_pb_column][\/et_pb_row][\/et_pb_section]<\/p>\n","protected":false},"excerpt":{"rendered":"<p>Nous avons \u00e0 c\u0153ur d&#8217;offrir des solutions adapt\u00e9es \u00e0 tous ! Dans cette optique, nous offrons la possibilit\u00e9 de choisir parmi des mod\u00e8les existants, dans le souci de r\u00e9duire au maximum vos co\u00fbts.\u00a0Il reste bien s\u00fbr possible de cr\u00e9er un site 100% personnel, de a \u00e0 z. Notez que les sites\u00a0 que nous cr\u00e9ons sont [&hellip;]<\/p>\n","protected":false},"author":1,"featured_media":0,"parent":0,"menu_order":0,"comment_status":"closed","ping_status":"closed","template":"","meta":{"_et_pb_use_builder":"on","_et_pb_old_content":"","_et_gb_content_width":"","footnotes":""},"class_list":["post-361","page","type-page","status-publish","hentry"],"acf":[],"yoast_head":"<!-- This site is optimized with the Yoast SEO plugin v21.0 - https:\/\/yoast.com\/wordpress\/plugins\/seo\/ -->\n<title>CGEN Development - Offres pour la cr\u00e9ation de votre site<\/title>\n<meta name=\"description\" content=\"D\u00e9couvrez toutes nos offres pour la cr\u00e9ation de votre site web personnalis\u00e9, que vous d\u00e9siriez une solution \u00e0 prix malin ou sur-mesure, vous serez satisfait\" \/>\n<meta name=\"robots\" content=\"index, follow, max-snippet:-1, max-image-preview:large, max-video-preview:-1\" \/>\n<link rel=\"canonical\" href=\"https:\/\/www.cgen-web-developpement.com\/en\/offres\/\" \/>\n<meta property=\"og:locale\" content=\"en_US\" \/>\n<meta property=\"og:type\" content=\"article\" \/>\n<meta property=\"og:title\" content=\"CGEN Development - Offres pour la cr\u00e9ation de votre site\" \/>\n<meta property=\"og:description\" content=\"D\u00e9couvrez toutes nos offres pour la cr\u00e9ation de votre site web personnalis\u00e9, que vous d\u00e9siriez une solution \u00e0 prix malin ou sur-mesure, vous serez satisfait\" \/>\n<meta property=\"og:url\" content=\"https:\/\/www.cgen-web-developpement.com\/en\/offres\/\" \/>\n<meta property=\"og:site_name\" content=\"CGEN Development\" \/>\n<meta property=\"article:modified_time\" content=\"2021-12-06T10:26:45+00:00\" \/>\n<meta name=\"twitter:card\" content=\"summary_large_image\" \/>\n<meta name=\"twitter:label1\" content=\"Est. reading time\" \/>\n\t<meta name=\"twitter:data1\" content=\"3 minutes\" \/>\n<script type=\"application\/ld+json\" class=\"yoast-schema-graph\">{\"@context\":\"https:\/\/schema.org\",\"@graph\":[{\"@type\":\"WebPage\",\"@id\":\"https:\/\/www.cgen-web-developpement.com\/en\/offres\/\",\"url\":\"https:\/\/www.cgen-web-developpement.com\/en\/offres\/\",\"name\":\"CGEN Development - Offres pour la cr\u00e9ation de votre site\",\"isPartOf\":{\"@id\":\"https:\/\/www.cgen-web-developpement.com\/en\/#website\"},\"datePublished\":\"2019-02-27T20:48:38+00:00\",\"dateModified\":\"2021-12-06T10:26:45+00:00\",\"description\":\"D\u00e9couvrez toutes nos offres pour la cr\u00e9ation de votre site web personnalis\u00e9, que vous d\u00e9siriez une solution \u00e0 prix malin ou sur-mesure, vous serez satisfait\",\"breadcrumb\":{\"@id\":\"https:\/\/www.cgen-web-developpement.com\/en\/offres\/#breadcrumb\"},\"inLanguage\":\"en-US\",\"potentialAction\":[{\"@type\":\"ReadAction\",\"target\":[\"https:\/\/www.cgen-web-developpement.com\/en\/offres\/\"]}]},{\"@type\":\"BreadcrumbList\",\"@id\":\"https:\/\/www.cgen-web-developpement.com\/en\/offres\/#breadcrumb\",\"itemListElement\":[{\"@type\":\"ListItem\",\"position\":1,\"name\":\"Accueil\",\"item\":\"https:\/\/www.cgen-web-developpement.com\/en\/\"},{\"@type\":\"ListItem\",\"position\":2,\"name\":\"Nos offres\"}]},{\"@type\":\"WebSite\",\"@id\":\"https:\/\/www.cgen-web-developpement.com\/en\/#website\",\"url\":\"https:\/\/www.cgen-web-developpement.com\/en\/\",\"name\":\"CGEN Development\",\"description\":\"Apps and Websites Development\",\"potentialAction\":[{\"@type\":\"SearchAction\",\"target\":{\"@type\":\"EntryPoint\",\"urlTemplate\":\"https:\/\/www.cgen-web-developpement.com\/en\/?s={search_term_string}\"},\"query-input\":\"required name=search_term_string\"}],\"inLanguage\":\"en-US\"}]}<\/script>\n<!-- \/ Yoast SEO plugin. -->","yoast_head_json":{"title":"CGEN Development - Offres pour la cr\u00e9ation de votre site","description":"D\u00e9couvrez toutes nos offres pour la cr\u00e9ation de votre site web personnalis\u00e9, que vous d\u00e9siriez une solution \u00e0 prix malin ou sur-mesure, vous serez satisfait","robots":{"index":"index","follow":"follow","max-snippet":"max-snippet:-1","max-image-preview":"max-image-preview:large","max-video-preview":"max-video-preview:-1"},"canonical":"https:\/\/www.cgen-web-developpement.com\/en\/offres\/","og_locale":"en_US","og_type":"article","og_title":"CGEN Development - Offres pour la cr\u00e9ation de votre site","og_description":"D\u00e9couvrez toutes nos offres pour la cr\u00e9ation de votre site web personnalis\u00e9, que vous d\u00e9siriez une solution \u00e0 prix malin ou sur-mesure, vous serez satisfait","og_url":"https:\/\/www.cgen-web-developpement.com\/en\/offres\/","og_site_name":"CGEN Development","article_modified_time":"2021-12-06T10:26:45+00:00","twitter_card":"summary_large_image","twitter_misc":{"Est. reading time":"3 minutes"},"schema":{"@context":"https:\/\/schema.org","@graph":[{"@type":"WebPage","@id":"https:\/\/www.cgen-web-developpement.com\/en\/offres\/","url":"https:\/\/www.cgen-web-developpement.com\/en\/offres\/","name":"CGEN Development - Offres pour la cr\u00e9ation de votre site","isPartOf":{"@id":"https:\/\/www.cgen-web-developpement.com\/en\/#website"},"datePublished":"2019-02-27T20:48:38+00:00","dateModified":"2021-12-06T10:26:45+00:00","description":"D\u00e9couvrez toutes nos offres pour la cr\u00e9ation de votre site web personnalis\u00e9, que vous d\u00e9siriez une solution \u00e0 prix malin ou sur-mesure, vous serez satisfait","breadcrumb":{"@id":"https:\/\/www.cgen-web-developpement.com\/en\/offres\/#breadcrumb"},"inLanguage":"en-US","potentialAction":[{"@type":"ReadAction","target":["https:\/\/www.cgen-web-developpement.com\/en\/offres\/"]}]},{"@type":"BreadcrumbList","@id":"https:\/\/www.cgen-web-developpement.com\/en\/offres\/#breadcrumb","itemListElement":[{"@type":"ListItem","position":1,"name":"Accueil","item":"https:\/\/www.cgen-web-developpement.com\/en\/"},{"@type":"ListItem","position":2,"name":"Nos offres"}]},{"@type":"WebSite","@id":"https:\/\/www.cgen-web-developpement.com\/en\/#website","url":"https:\/\/www.cgen-web-developpement.com\/en\/","name":"CGEN Development","description":"Apps and Websites Development","potentialAction":[{"@type":"SearchAction","target":{"@type":"EntryPoint","urlTemplate":"https:\/\/www.cgen-web-developpement.com\/en\/?s={search_term_string}"},"query-input":"required name=search_term_string"}],"inLanguage":"en-US"}]}},"_links":{"self":[{"href":"https:\/\/www.cgen-web-developpement.com\/en\/wp-json\/wp\/v2\/pages\/361","targetHints":{"allow":["GET"]}}],"collection":[{"href":"https:\/\/www.cgen-web-developpement.com\/en\/wp-json\/wp\/v2\/pages"}],"about":[{"href":"https:\/\/www.cgen-web-developpement.com\/en\/wp-json\/wp\/v2\/types\/page"}],"author":[{"embeddable":true,"href":"https:\/\/www.cgen-web-developpement.com\/en\/wp-json\/wp\/v2\/users\/1"}],"replies":[{"embeddable":true,"href":"https:\/\/www.cgen-web-developpement.com\/en\/wp-json\/wp\/v2\/comments?post=361"}],"version-history":[{"count":9,"href":"https:\/\/www.cgen-web-developpement.com\/en\/wp-json\/wp\/v2\/pages\/361\/revisions"}],"predecessor-version":[{"id":797,"href":"https:\/\/www.cgen-web-developpement.com\/en\/wp-json\/wp\/v2\/pages\/361\/revisions\/797"}],"wp:attachment":[{"href":"https:\/\/www.cgen-web-developpement.com\/en\/wp-json\/wp\/v2\/media?parent=361"}],"curies":[{"name":"wp","href":"https:\/\/api.w.org\/{rel}","templated":true}]}}